{"id":584,"date":"2025-10-17T13:00:12","date_gmt":"2025-10-17T11:00:12","guid":{"rendered":"https:\/\/eu.fena.ba\/?page_id=584"},"modified":"2025-10-17T13:00:12","modified_gmt":"2025-10-17T11:00:12","slug":"o-nama","status":"publish","type":"page","link":"https:\/\/eu.fena.ba\/?page_id=584","title":{"rendered":"O NAMA"},"content":{"rendered":"\n<p>Fena EU je portal Federalne novinske agencije namijenjen informiranju javnosti o procesu pridru\u017eivanja Bosne i Hercegovini Europskoj uniji, ali i svemu onome \u0161to se ti\u010de same EU, njezinih institucija, propisa, unutarnje organizacije, kao i djelovanja Unije u globalnim okvirima.<\/p>\n\n\n\n<p>Svakako, najvi\u0161e pozornosti posvetit \u0107emo integraciji BiH u EU, koracima koji se poduzimaju na tom planu, reformama koje se provode ili \u0107e se provoditi na europskom putu. Pisat \u0107emo i o problemima u tom procesu. Me\u0111utim, svojom osnovnom misijom smatramo informiranje i edukaciju gra\u0111ana o zna\u010daju \u010dlanstva u EU i svemu \u0161to ta integracija donosi Bosni i Hercegovini.<\/p>\n\n\n\n<p>Okosnicu sadr\u017eaja na portalu Fena EU \u010dinit \u0107e vijesti, fotografije i video prilozi iz generalnog servisa agencije FENA.<\/p>\n","protected":false},"excerpt":{"rendered":"<p>Fena EU je portal Federalne novinske agencije namijenjen informiranju javnosti o procesu pridru\u017eivanja Bosne i Hercegovini Europskoj uniji, ali i svemu onome \u0161to se ti\u010de same EU, njezinih institucija, propisa, unutarnje organizacije, kao i djelovanja Unije u globalnim okvirima. Svakako, najvi\u0161e pozornosti posvetit \u0107emo integraciji BiH u EU, koracima koji se poduzimaju na tom planu, [&hellip;]<\/p>\n","protected":false},"author":1,"featured_media":0,"parent":0,"menu_order":0,"comment_status":"closed","ping_status":"closed","template":"","meta":{"footnotes":""},"class_list":["post-584","page","type-page","status-publish","hentry"],"_links":{"self":[{"href":"https:\/\/eu.fena.ba\/index.php?rest_route=\/wp\/v2\/pages\/584","targetHints":{"allow":["GET"]}}],"collection":[{"href":"https:\/\/eu.fena.ba\/index.php?rest_route=\/wp\/v2\/pages"}],"about":[{"href":"https:\/\/eu.fena.ba\/index.php?rest_route=\/wp\/v2\/types\/page"}],"author":[{"embeddable":true,"href":"https:\/\/eu.fena.ba\/index.php?rest_route=\/wp\/v2\/users\/1"}],"replies":[{"embeddable":true,"href":"https:\/\/eu.fena.ba\/index.php?rest_route=%2Fwp%2Fv2%2Fcomments&post=584"}],"version-history":[{"count":1,"href":"https:\/\/eu.fena.ba\/index.php?rest_route=\/wp\/v2\/pages\/584\/revisions"}],"predecessor-version":[{"id":585,"href":"https:\/\/eu.fena.ba\/index.php?rest_route=\/wp\/v2\/pages\/584\/revisions\/585"}],"wp:attachment":[{"href":"https:\/\/eu.fena.ba\/index.php?rest_route=%2Fwp%2Fv2%2Fmedia&parent=584"}],"curies":[{"name":"wp","href":"https:\/\/api.w.org\/{rel}","templated":true}]}}